{"id":21,"date":"2024-02-11T17:21:08","date_gmt":"2024-02-11T20:21:08","guid":{"rendered":"https:\/\/snowslide4fun.com\/?page_id=21"},"modified":"2024-02-12T23:06:40","modified_gmt":"2024-02-13T02:06:40","slug":"politica-de-cookie","status":"publish","type":"page","link":"https:\/\/snowslide4fun.com\/index.php\/politica-de-cookie\/","title":{"rendered":"Pol\u00edtica de Cookie"},"content":{"rendered":"\n<p>Bem-vindo ao SnowSlide4Fun!<\/p>\n\n\n\n<p>O SnowSlide4Fun (<a href=\"https:\/\/www.snowslide4fun.com\">https:\/\/www.snowslide4fun.com<\/a>) respeita a sua privacidade e est\u00e1 comprometido em proteger os seus dados pessoais. Esta pol\u00edtica de cookies explica como usamos cookies e tecnologias similares em nosso site. Ao utilizar o nosso site, voc\u00ea concorda com o uso de cookies de acordo com esta pol\u00edtica.<\/p>\n\n\n\n<h2 class=\"wp-block-heading\"><strong>O que s\u00e3o cookies?<\/strong><\/h2>\n\n\n\n<p>Cookies s\u00e3o pequenos arquivos de texto que os sites colocam nos dispositivos dos visitantes para armazenar uma variedade de informa\u00e7\u00f5es. Eles s\u00e3o usados para manter o site funcionando corretamente, coletar informa\u00e7\u00f5es anal\u00edticas, lembrar as suas prefer\u00eancias, e tornar a sua experi\u00eancia online mais eficiente e personalizada.<\/p>\n\n\n\n<h2 class=\"wp-block-heading\"><strong>Tipos de Cookies Usados<\/strong><\/h2>\n\n\n\n<p>Cookies Essenciais: Estes cookies s\u00e3o essenciais para fornecer servi\u00e7os dispon\u00edveis atrav\u00e9s do nosso site e para permitir que voc\u00ea use algumas de suas funcionalidades. Eles ajudam a autenticar usu\u00e1rios e a prevenir o uso fraudulento de contas de usu\u00e1rios. Sem esses cookies, os servi\u00e7os que voc\u00ea solicitou n\u00e3o podem ser fornecidos, e usamos esses cookies apenas para fornecer esses servi\u00e7os.<\/p>\n\n\n\n<p>Cookies de Desempenho e Funcionalidade: Estes cookies s\u00e3o usados para melhorar o desempenho e a funcionalidade do nosso site, mas n\u00e3o s\u00e3o essenciais para o seu uso. No entanto, sem esses cookies, certas funcionalidades (como v\u00eddeos) podem se tornar indispon\u00edveis.<\/p>\n\n\n\n<p>Cookies Anal\u00edticos e de Personaliza\u00e7\u00e3o: Estes cookies coletam informa\u00e7\u00f5es que s\u00e3o usadas de forma agregada para nos ajudar a entender como o nosso site est\u00e1 sendo utilizado ou qu\u00e3o eficazes s\u00e3o nossas campanhas de marketing, al\u00e9m de nos ajudar a personalizar o nosso site para voc\u00ea.<\/p>\n\n\n\n<p>Cookies de Publicidade: Estes cookies s\u00e3o usados para fazer com que as mensagens de publicidade sejam mais relevantes para voc\u00ea. Eles desempenham fun\u00e7\u00f5es como evitar que o mesmo an\u00fancio reapare\u00e7a continuamente, garantindo que os an\u00fancios sejam corretamente exibidos para os anunciantes e, em alguns casos, selecionando an\u00fancios baseados em seus interesses.<\/p>\n\n\n\n<h2 class=\"wp-block-heading\"><strong>Gerenciamento de Cookies<\/strong><\/h2>\n\n\n\n<p>A maioria dos navegadores permite que voc\u00ea controle cookies atrav\u00e9s das suas configura\u00e7\u00f5es. No entanto, se voc\u00ea limitar a capacidade de sites de definir cookies, voc\u00ea pode piorar a sua experi\u00eancia geral de usu\u00e1rio, j\u00e1 que n\u00e3o ser\u00e1 personalizada para voc\u00ea. Pode tamb\u00e9m impedir que voc\u00ea salve configura\u00e7\u00f5es personalizadas, como informa\u00e7\u00f5es de login.<\/p>\n\n\n\n<p>Para mais informa\u00e7\u00f5es sobre como modificar as configura\u00e7\u00f5es de cookies nos navegadores mais comuns, consulte os seguintes links:<\/p>\n\n\n\n<p>Chrome: <a href=\"https:\/\/support.google.com\/chrome\/answer\/95647?hl=pt\" target=\"_blank\" rel=\"noopener\">https:\/\/support.google.com\/chrome\/answer\/95647?hl=pt<\/a><\/p>\n\n\n\n<p>Firefox: <a href=\"https:\/\/support.mozilla.org\/pt-BR\/kb\/cookies-informacoes-que-os-sites-armazenam-no-seu-c\" target=\"_blank\" rel=\"noopener\">https:\/\/support.mozilla.org\/pt-BR\/kb\/cookies-informacoes-que-os-sites-armazenam-no-seu-c<\/a><\/p>\n\n\n\n<p>Safari: <a href=\"https:\/\/support.apple.com\/pt-br\/guide\/safari\/sfri11471\/mac\" target=\"_blank\" rel=\"noopener\">https:\/\/support.apple.com\/pt-br\/guide\/safari\/sfri11471\/mac<\/a><\/p>\n\n\n\n<p>Internet Explorer: <a href=\"https:\/\/support.microsoft.com\/pt-br\/help\/17442\/windows-internet-explorer-delete-manage-cookies\" target=\"_blank\" rel=\"noopener\">https:\/\/support.microsoft.com\/pt-br\/help\/17442\/windows-internet-explorer-delete-manage-cookies<\/a><\/p>\n\n\n\n<h2 class=\"wp-block-heading\"><strong>Altera\u00e7\u00f5es na Pol\u00edtica de Cookies<\/strong><\/h2>\n\n\n\n<p>Podemos atualizar esta pol\u00edtica de cookies de tempos em tempos para refletir, por exemplo, mudan\u00e7as nos cookies que usamos ou por outros motivos operacionais, legais ou regulat\u00f3rios. Portanto, por favor, visite esta pol\u00edtica de cookies regularmente para se manter informado sobre o uso de cookies e tecnologias relacionadas.<\/p>\n","protected":false},"excerpt":{"rendered":"<p>Bem-vindo ao SnowSlide4Fun! O SnowSlide4Fun (https:\/\/www.snowslide4fun.com) respeita a sua privacidade e est\u00e1 comprometido em proteger os seus dados pessoais. Esta pol\u00edtica de cookies explica como usamos cookies e tecnologias similares em nosso site. Ao utilizar o nosso site, voc\u00ea concorda com o uso de cookies de acordo com esta pol\u00edtica. O que s\u00e3o cookies? Cookies &hellip;<\/p>\n","protected":false},"author":1,"featured_media":0,"parent":0,"menu_order":0,"comment_status":"closed","ping_status":"closed","template":"","meta":{"footnotes":""},"aioseo_notices":[],"_links":{"self":[{"href":"https:\/\/snowslide4fun.com\/index.php\/wp-json\/wp\/v2\/pages\/21"}],"collection":[{"href":"https:\/\/snowslide4fun.com\/index.php\/wp-json\/wp\/v2\/pages"}],"about":[{"href":"https:\/\/snowslide4fun.com\/index.php\/wp-json\/wp\/v2\/types\/page"}],"author":[{"embeddable":true,"href":"https:\/\/snowslide4fun.com\/index.php\/wp-json\/wp\/v2\/users\/1"}],"replies":[{"embeddable":true,"href":"https:\/\/snowslide4fun.com\/index.php\/wp-json\/wp\/v2\/comments?post=21"}],"version-history":[{"count":2,"href":"https:\/\/snowslide4fun.com\/index.php\/wp-json\/wp\/v2\/pages\/21\/revisions"}],"predecessor-version":[{"id":52,"href":"https:\/\/snowslide4fun.com\/index.php\/wp-json\/wp\/v2\/pages\/21\/revisions\/52"}],"wp:attachment":[{"href":"https:\/\/snowslide4fun.com\/index.php\/wp-json\/wp\/v2\/media?parent=21"}],"curies":[{"name":"wp","href":"https:\/\/api.w.org\/{rel}","templated":true}]}}