{"id":16,"date":"2024-02-11T17:09:21","date_gmt":"2024-02-11T20:09:21","guid":{"rendered":"https:\/\/snowslide4fun.com\/?page_id=16"},"modified":"2024-02-11T17:09:35","modified_gmt":"2024-02-11T20:09:35","slug":"termos-de-uso","status":"publish","type":"page","link":"https:\/\/snowslide4fun.com\/index.php\/termos-de-uso\/","title":{"rendered":"Termos de Uso"},"content":{"rendered":"\n<p>Bem-vindo ao SnowSlide4Fun!<\/p>\n\n\n\n<p>Estes termos de uso (&#8220;Termos&#8221;) regem o seu acesso e uso do nosso website <a href=\"http:\/\/snowslide4fun.com\">http:\/\/snowslide4fun.com<\/a> (&#8220;Site&#8221;), incluindo qualquer conte\u00fado, funcionalidade e servi\u00e7os oferecidos em ou atrav\u00e9s do Site, seja como convidado ou usu\u00e1rio registrado.<\/p>\n\n\n\n<p>Ao acessar ou usar o Site, voc\u00ea aceita e concorda em estar vinculado e obedecer a estes Termos e \u00e0 nossa Pol\u00edtica de Privacidade, encontrada no Site, incorporada aqui por refer\u00eancia. Se voc\u00ea n\u00e3o concorda com estes Termos ou a Pol\u00edtica de Privacidade, voc\u00ea deve n\u00e3o acessar ou usar o Site.<\/p>\n\n\n\n<h3 class=\"wp-block-heading\"><strong>Mudan\u00e7as nos Termos<\/strong><\/h3>\n\n\n\n<p>Reservamo-nos o direito de revisar e atualizar estes Termos a qualquer momento e sem aviso pr\u00e9vio. Todas as altera\u00e7\u00f5es s\u00e3o efetivas imediatamente quando postamos, e a continua\u00e7\u00e3o do uso do Site ap\u00f3s a postagem de altera\u00e7\u00f5es revisadas significa que voc\u00ea aceita e concorda com as mudan\u00e7as. Voc\u00ea \u00e9 esperado para verificar esta p\u00e1gina periodicamente para que tome ci\u00eancia de quaisquer altera\u00e7\u00f5es, pois elas s\u00e3o vinculativas para voc\u00ea.<\/p>\n\n\n\n<h3 class=\"wp-block-heading\"><strong>Acesso ao Site e Seguran\u00e7a da Conta<\/strong><\/h3>\n\n\n\n<p>Reservamo-nos o direito de retirar ou alterar este Site, e qualquer servi\u00e7o ou material que fornecemos no Site, a nosso exclusivo crit\u00e9rio e sem aviso pr\u00e9vio. N\u00e3o seremos respons\u00e1veis se, por qualquer motivo, todo ou qualquer parte do Site estiver indispon\u00edvel a qualquer momento ou por qualquer per\u00edodo.<\/p>\n\n\n\n<p>Para acessar alguns dos recursos do Site, voc\u00ea pode ser solicitado a fornecer certos detalhes de registro ou outras informa\u00e7\u00f5es. \u00c9 uma condi\u00e7\u00e3o do seu uso do Site que todas as informa\u00e7\u00f5es que voc\u00ea fornece no Site sejam corretas, atuais e completas.<\/p>\n\n\n\n<h3 class=\"wp-block-heading\"><strong>Direitos de Propriedade Intelectual<\/strong><\/h3>\n\n\n\n<p>O conte\u00fado do Site, incluindo, mas n\u00e3o se limitando a, textos, gr\u00e1ficos, imagens, logotipos, \u00edcones, fotografias, clipes de \u00e1udio, downloads digitais, compila\u00e7\u00f5es de dados e software, \u00e9 propriedade do SnowSlide4Fun ou de seus fornecedores de conte\u00fado e \u00e9 protegido pelas leis de direitos autorais, marcas registradas, patentes, segredos comerciais e outros direitos de propriedade intelectual ou leis de direitos de propriedade.<\/p>\n\n\n\n<p>Voc\u00ea deve usar o Site apenas para fins l\u00edcitos e de acordo com estes Termos.<\/p>\n\n\n\n<h3 class=\"wp-block-heading\"><strong>Limita\u00e7\u00f5es de Uso<\/strong><\/h3>\n\n\n\n<p>Voc\u00ea concorda em n\u00e3o:<\/p>\n\n\n\n<ul>\n<li>Modificar c\u00f3pias de quaisquer materiais deste site.<\/li>\n\n\n\n<li>Usar quaisquer ilustra\u00e7\u00f5es, fotografias, sequ\u00eancias de v\u00eddeo ou \u00e1udio, ou quaisquer gr\u00e1ficos separadamente do texto de acompanhamento.<\/li>\n\n\n\n<li>Excluir ou alterar quaisquer direitos autorais, marcas registradas ou outros avisos de propriedade dos materiais origin\u00e1rios do Site.<\/li>\n<\/ul>\n\n\n\n<h3 class=\"wp-block-heading\"><strong>Sua Responsabilidade<\/strong><\/h3>\n\n\n\n<p>Qualquer conte\u00fado e\/ou opini\u00f5es carregados, expressos ou submetidos a um f\u00f3rum de discuss\u00e3o, blog, plataforma de acesso p\u00fablico ou outro recurso no Site, e todas as respostas a artigos e outros conte\u00fados, exceto o conte\u00fado fornecido pelo SnowSlide4Fun, s\u00e3o exclusivamente as opini\u00f5es e a responsabilidade da pessoa ou entidade que os submete e n\u00e3o refletem necessariamente a opini\u00e3o do SnowSlide4Fun.<\/p>\n\n\n\n<h3 class=\"wp-block-heading\"><strong>Legisla\u00e7\u00e3o Aplic\u00e1vel<\/strong><\/h3>\n\n\n\n<p>Todos os assuntos relacionados ao seu acesso e uso do Site, e estes Termos de Uso, s\u00e3o regidos pelas leis do pa\u00eds onde o servidor est\u00e1 localizado.<\/p>\n\n\n\n<h3 class=\"wp-block-heading\"><strong>Conclus\u00e3o<\/strong><\/h3>\n\n\n\n<p>Ao usar o Site, voc\u00ea concorda em estar vinculado a estes Termos, que constituem um contrato vinculativo entre voc\u00ea e SnowSlide4Fun. Se voc\u00ea n\u00e3o concorda com estes Termos, voc\u00ea n\u00e3o deve usar o Site.<\/p>\n\n\n\n<p>\u00a9 SnowSlide4Fun 2024. Todos os direitos reservados.<\/p>\n","protected":false},"excerpt":{"rendered":"<p>Bem-vindo ao SnowSlide4Fun! Estes termos de uso (&#8220;Termos&#8221;) regem o seu acesso e uso do nosso website http:\/\/snowslide4fun.com (&#8220;Site&#8221;), incluindo qualquer conte\u00fado, funcionalidade e servi\u00e7os oferecidos em ou atrav\u00e9s do Site, seja como convidado ou usu\u00e1rio registrado. Ao acessar ou usar o Site, voc\u00ea aceita e concorda em estar vinculado e obedecer a estes Termos &hellip;<\/p>\n","protected":false},"author":1,"featured_media":0,"parent":0,"menu_order":0,"comment_status":"closed","ping_status":"closed","template":"","meta":{"footnotes":""},"aioseo_notices":[],"_links":{"self":[{"href":"https:\/\/snowslide4fun.com\/index.php\/wp-json\/wp\/v2\/pages\/16"}],"collection":[{"href":"https:\/\/snowslide4fun.com\/index.php\/wp-json\/wp\/v2\/pages"}],"about":[{"href":"https:\/\/snowslide4fun.com\/index.php\/wp-json\/wp\/v2\/types\/page"}],"author":[{"embeddable":true,"href":"https:\/\/snowslide4fun.com\/index.php\/wp-json\/wp\/v2\/users\/1"}],"replies":[{"embeddable":true,"href":"https:\/\/snowslide4fun.com\/index.php\/wp-json\/wp\/v2\/comments?post=16"}],"version-history":[{"count":1,"href":"https:\/\/snowslide4fun.com\/index.php\/wp-json\/wp\/v2\/pages\/16\/revisions"}],"predecessor-version":[{"id":17,"href":"https:\/\/snowslide4fun.com\/index.php\/wp-json\/wp\/v2\/pages\/16\/revisions\/17"}],"wp:attachment":[{"href":"https:\/\/snowslide4fun.com\/index.php\/wp-json\/wp\/v2\/media?parent=16"}],"curies":[{"name":"wp","href":"https:\/\/api.w.org\/{rel}","templated":true}]}}